{"id":21,"date":"2018-03-11T12:59:50","date_gmt":"2018-03-11T12:59:50","guid":{"rendered":"https:\/\/www.psihoterapija-up.si\/?page_id=21"},"modified":"2023-11-29T08:38:18","modified_gmt":"2023-11-29T06:38:18","slug":"o-meni","status":"publish","type":"page","link":"https:\/\/www.psihoterapija-up.si\/?page_id=21","title":{"rendered":"O MENI"},"content":{"rendered":"<p><img loading=\"lazy\" decoding=\"async\" class=\"wp-image-216 aligncenter\" src=\"https:\/\/www.psihoterapija-up.si\/wp-content\/uploads\/2023\/11\/Foto-_002.jpg\" alt=\"\" width=\"400\" height=\"500\" srcset=\"https:\/\/www.psihoterapija-up.si\/wp-content\/uploads\/2023\/11\/Foto-_002.jpg 819w, https:\/\/www.psihoterapija-up.si\/wp-content\/uploads\/2023\/11\/Foto-_002-240x300.jpg 240w, https:\/\/www.psihoterapija-up.si\/wp-content\/uploads\/2023\/11\/Foto-_002-768x960.jpg 768w\" sizes=\"auto, (max-width: 400px) 100vw, 400px\" \/><\/p>\n<p class=\"napis_ime_dani\" style=\"text-align: center;\">Natalija Vukan<\/p>\n<p>Sem mednarodno certificirana integrativna psihoterapevtka (CIIP, ECIP), specializirana za globinsko psihoterapijo travme.<\/p>\n<p>Po osnovni izobrazbi sem univerzitetna diplomirana filozofinja. Dodiplomski \u0161tudij sem zaklju\u010dila na Oddelku za filozofijo na Filozofski fakulteti v Ljubljani, podiplomski in specialisti\u010dni \u0161tudij integrativne psihoterapije pa sem zaklju\u010dila na In\u0161titutu za integrativno psihoterapijo in svetovanje (IPSA), v Ljubljani.<\/p>\n<p>Mednarodno diplomo iz integrativne psihoterapije sem pridobila pri Mednarodni zvezi za integrativno psihoterapijo (IIPA) in Evropski zvezi za integrativno psihoterapijo (EAIP).<\/p>\n<p>Opravila sem tudi izobra\u017eevanje iz metode Brainspotting. Tretjo stopnjo sem zaklju\u010dila pri ustanovitelju metode, dr. Davidu Grandu. Zaklju\u010dila sem tudi specializirano izobra\u017eevanje iz psihoterapije globinske travme, njene predelave in integracije pri Mariu C. Salvadorju. Sem u\u010dna terapevtka za \u0161tudente integrativne psihoterapije in u\u010diteljica \u010duje\u010dnosti z opravljenim naprednim treningom.<\/p>\n<p>Svoje znanje nenehno nadgrajujem s poglobljenim raziskovanjem ter udele\u017ebo na doma\u010dih in mednarodnih konferencah.<\/p>\n<p>Pri svojem delu sem zavezana na\u010delom eti\u010dnega kodeksa SINTE (Slovensko dru\u0161tvo za integrativno psihoterapijo in transakcijsko analizo), katere \u010dlanica sem in SKZP ( Slovenska krovna zveza za psihoterapijo), zato pogovori potekajo v strogi zaupnosti.<\/p>\n<p>Z dru\u017eino \u017eivim v Murski Soboti, delam tudi na daljavo.<\/p>\n","protected":false},"excerpt":{"rendered":"<p>Natalija Vukan Sem mednarodno certificirana integrativna psihoterapevtka (CIIP, ECIP), specializirana za globinsko psihoterapijo travme. Po osnovni izobrazbi sem univerzitetna diplomirana filozofinja. Dodiplomski \u0161tudij sem zaklju\u010dila na Oddelku za filozofijo na Filozofski fakulteti v Ljubljani, podiplomski in specialisti\u010dni \u0161tudij integrativne psihoterapije pa sem zaklju\u010dila na In\u0161titutu za integrativno psihoterapijo in svetovanje (IPSA), v Ljubljani. Mednarodno diplomo &hellip; <\/p>\n<p class=\"link-more\"><a href=\"https:\/\/www.psihoterapija-up.si\/?page_id=21\" class=\"more-link\">Preberi ve\u010d<span class=\"screen-reader-text\"> &#8220;O MENI&#8221;<\/span><\/a><\/p>\n","protected":false},"author":2,"featured_media":164,"parent":0,"menu_order":0,"comment_status":"closed","ping_status":"closed","template":"","meta":{"footnotes":""},"class_list":["post-21","page","type-page","status-publish","has-post-thumbnail","hentry"],"_links":{"self":[{"href":"https:\/\/www.psihoterapija-up.si\/index.php?rest_route=\/wp\/v2\/pages\/21","targetHints":{"allow":["GET"]}}],"collection":[{"href":"https:\/\/www.psihoterapija-up.si\/index.php?rest_route=\/wp\/v2\/pages"}],"about":[{"href":"https:\/\/www.psihoterapija-up.si\/index.php?rest_route=\/wp\/v2\/types\/page"}],"author":[{"embeddable":true,"href":"https:\/\/www.psihoterapija-up.si\/index.php?rest_route=\/wp\/v2\/users\/2"}],"replies":[{"embeddable":true,"href":"https:\/\/www.psihoterapija-up.si\/index.php?rest_route=%2Fwp%2Fv2%2Fcomments&post=21"}],"version-history":[{"count":17,"href":"https:\/\/www.psihoterapija-up.si\/index.php?rest_route=\/wp\/v2\/pages\/21\/revisions"}],"predecessor-version":[{"id":225,"href":"https:\/\/www.psihoterapija-up.si\/index.php?rest_route=\/wp\/v2\/pages\/21\/revisions\/225"}],"wp:featuredmedia":[{"embeddable":true,"href":"https:\/\/www.psihoterapija-up.si\/index.php?rest_route=\/wp\/v2\/media\/164"}],"wp:attachment":[{"href":"https:\/\/www.psihoterapija-up.si\/index.php?rest_route=%2Fwp%2Fv2%2Fmedia&parent=21"}],"curies":[{"name":"wp","href":"https:\/\/api.w.org\/{rel}","templated":true}]}}