{"id":15,"date":"2018-03-11T12:50:44","date_gmt":"2018-03-11T12:50:44","guid":{"rendered":"https:\/\/www.psihoterapija-up.si\/?page_id=15"},"modified":"2018-04-04T22:22:19","modified_gmt":"2018-04-04T20:22:19","slug":"domov","status":"publish","type":"page","link":"https:\/\/www.psihoterapija-up.si\/","title":{"rendered":"DOMOV"},"content":{"rendered":"<p>V \u010dasu hitrih sprememb in zahtevnega tempa \u017eivljenja, najrazli\u010dnej\u0161ih pritiskov dru\u017ebe, skrbi za dru\u017eino in dom ljudje radi pozabljamo nase, na svoje telo, du\u0161o, srce. \u0160e ve\u010d &#8211; postali smo zelo zahtevni in neprizanesljivi. Od sebe terjamo le uspeh, velike dose\u017eke in pozitivna \u010dustva. Bole\u010dini, \u017ealosti, strahovom, negotovosti, stiskam se izogibamo, ker smo prepri\u010dani, da so znak na\u0161e \u0161ibkosti in da je z nami nekaj narobe. Skr\u010dimo se na masko in pozabimo, kdo pravzaprav smo. Odtujimo se od svojih \u010dustev, misli, telesa. Njihove govorice ne prepoznamo, ne razumemo, celo ne sli\u0161imo ve\u010d. Postanemo si tuji, odtujeni in zato nezmo\u017eni vzpostaviti pristni stik s seboj in drugimi. To pa je tudi izvor psiholo\u0161kih te\u017eav, kot so depresija, tesnoba, razli\u010dni strahovi, nezadovoljstvo, ob\u010dutek praznine, nespe\u010dnost, nizka samopodoba, te\u017eave v odnosih in drugo.<\/p>\n<p>Da bi lahko razre\u0161ili na\u0161e te\u017eave, jih moramo najprej poimenovati, ozavestiti in sprejeti. \u0160ele potem lahko te vsebine tudi predelamo. Ker ta proces ni enostaven, je dobro, da nam pri tem pomaga strokovno usposobljen psihoterapevt. Le-ta nam s svojim znanjem in toplino pomaga razumeti izvor na\u0161ih stisk, ki nam prepre\u010dujejo \u017eiveti bolj pristno, spontano in kvalitetno \u017eivljenje ter utirati pot iz njih.<\/p>\n","protected":false},"excerpt":{"rendered":"<p>V \u010dasu hitrih sprememb in zahtevnega tempa \u017eivljenja, najrazli\u010dnej\u0161ih pritiskov dru\u017ebe, skrbi za dru\u017eino in dom ljudje radi pozabljamo nase, na svoje telo, du\u0161o, srce. \u0160e ve\u010d &#8211; postali smo zelo zahtevni in neprizanesljivi. Od sebe terjamo le uspeh, velike dose\u017eke in pozitivna \u010dustva. Bole\u010dini, \u017ealosti, strahovom, negotovosti, stiskam se izogibamo, ker smo prepri\u010dani, da &hellip; <\/p>\n<p class=\"link-more\"><a href=\"https:\/\/www.psihoterapija-up.si\/\" class=\"more-link\">Preberi ve\u010d<span class=\"screen-reader-text\"> &#8220;DOMOV&#8221;<\/span><\/a><\/p>\n","protected":false},"author":2,"featured_media":190,"parent":0,"menu_order":0,"comment_status":"closed","ping_status":"closed","template":"","meta":{"footnotes":""},"class_list":["post-15","page","type-page","status-publish","has-post-thumbnail","hentry"],"_links":{"self":[{"href":"https:\/\/www.psihoterapija-up.si\/index.php?rest_route=\/wp\/v2\/pages\/15","targetHints":{"allow":["GET"]}}],"collection":[{"href":"https:\/\/www.psihoterapija-up.si\/index.php?rest_route=\/wp\/v2\/pages"}],"about":[{"href":"https:\/\/www.psihoterapija-up.si\/index.php?rest_route=\/wp\/v2\/types\/page"}],"author":[{"embeddable":true,"href":"https:\/\/www.psihoterapija-up.si\/index.php?rest_route=\/wp\/v2\/users\/2"}],"replies":[{"embeddable":true,"href":"https:\/\/www.psihoterapija-up.si\/index.php?rest_route=%2Fwp%2Fv2%2Fcomments&post=15"}],"version-history":[{"count":3,"href":"https:\/\/www.psihoterapija-up.si\/index.php?rest_route=\/wp\/v2\/pages\/15\/revisions"}],"predecessor-version":[{"id":149,"href":"https:\/\/www.psihoterapija-up.si\/index.php?rest_route=\/wp\/v2\/pages\/15\/revisions\/149"}],"wp:featuredmedia":[{"embeddable":true,"href":"https:\/\/www.psihoterapija-up.si\/index.php?rest_route=\/wp\/v2\/media\/190"}],"wp:attachment":[{"href":"https:\/\/www.psihoterapija-up.si\/index.php?rest_route=%2Fwp%2Fv2%2Fmedia&parent=15"}],"curies":[{"name":"wp","href":"https:\/\/api.w.org\/{rel}","templated":true}]}}